{"id":1611,"date":"2022-02-15T21:43:49","date_gmt":"2022-02-15T20:43:49","guid":{"rendered":"https:\/\/lesbricosdeso.fr\/?post_type=product&#038;p=1611"},"modified":"2024-06-17T07:14:22","modified_gmt":"2024-06-17T05:14:22","slug":"cahier-carnet-a5-kraft-carnet-de-notes-dune-mamie-geniale","status":"publish","type":"product","link":"https:\/\/lesbricosdeso.fr\/?product=cahier-carnet-a5-kraft-carnet-de-notes-dune-mamie-geniale","title":{"rendered":"Cahier\/carnet A5 Kraft \u00ab\u00a0Carnet de notes d&rsquo;une Mamie G\u00e9niale\u00a0\u00bb"},"content":{"rendered":"<p>\u00ab\u00a0Carnet de notes d&rsquo;une Mamie G\u00e9niale\u00a0\u00bb, cadeau \u00e0 offrir \u00e0 votre Mamie, pour toutes les occasions. C&rsquo;est un petit cadeau qui fait toujours plaisir car utile et joli.<\/p>\n<ul>\n<li>Cahier \/ carnet en kraft.<\/li>\n<li>Inscription r\u00e9alis\u00e9e en vynil adh\u00e9sif.<\/li>\n<li>80 pages lign\u00e9es,<\/li>\n<li>D\u00e9lai max de r\u00e9alisation 7 jours<\/li>\n<li>A5<\/li>\n<li>Les carnets ont une couverture en carton kraft.<\/li>\n<li>Composition: carton \/ papier<\/li>\n<li>grammage papier (g\/m2): 70 g\/m\u00b2<\/li>\n<li>Longueur (cm): 21,1<\/li>\n<li>Largeur (cm): 14,9<\/li>\n<\/ul>\n<p>Cahier \/ carnet personnalis\u00e9 avec du vynil adh\u00e9sif. \u00c9viter les frottements ou prot\u00e9ger avec un couvre livre pour une dur\u00e9e optimale<\/p>\n","protected":false},"excerpt":{"rendered":"<p>\u00ab\u00a0Carnet de notes d&rsquo;une Mamie G\u00e9niale\u00a0\u00bb<br \/>\nUn petit cadeau qui fera toujours plaisir.<\/p>\n","protected":false},"featured_media":1645,"template":"","meta":{"site-sidebar-layout":"default","site-content-layout":"default","ast-site-content-layout":"default","site-content-style":"default","site-sidebar-style":"default","ast-global-header-display":"","ast-banner-title-visibility":"","ast-main-header-display":"","ast-hfb-above-header-display":"","ast-hfb-below-header-display":"","ast-hfb-mobile-header-display":"","site-post-title":"","ast-breadcrumbs-content":"","ast-featured-img":"","footer-sml-layout":"","ast-disable-related-posts":"","theme-transparent-header-meta":"default","adv-header-id-meta":"","stick-header-meta":"","header-above-stick-meta":"","header-main-stick-meta":"","header-below-stick-meta":"","astra-migrate-meta-layouts":"default","ast-page-background-enabled":"default","ast-page-background-meta":{"desktop":{"background-color":"var(--ast-global-color-4)","background-image":"","background-repeat":"repeat","background-position":"center center","background-size":"auto","background-attachment":"scroll","background-type":"","background-media":"","overlay-type":"","overlay-color":"","overlay-opacity":"","overlay-gradient":""},"tablet":{"background-color":"","background-image":"","background-repeat":"repeat","background-position":"center center","background-size":"auto","background-attachment":"scroll","background-type":"","background-media":"","overlay-type":"","overlay-color":"","overlay-opacity":"","overlay-gradient":""},"mobile":{"background-color":"","background-image":"","background-repeat":"repeat","background-position":"center center","background-size":"auto","background-attachment":"scroll","background-type":"","background-media":"","overlay-type":"","overlay-color":"","overlay-opacity":"","overlay-gradient":""}},"ast-content-background-meta":{"desktop":{"background-color":"var(--ast-global-color-5)","background-image":"","background-repeat":"repeat","background-position":"center center","background-size":"auto","background-attachment":"scroll","background-type":"","background-media":"","overlay-type":"","overlay-color":"","overlay-opacity":"","overlay-gradient":""},"tablet":{"background-color":"var(--ast-global-color-5)","background-image":"","background-repeat":"repeat","background-position":"center center","background-size":"auto","background-attachment":"scroll","background-type":"","background-media":"","overlay-type":"","overlay-color":"","overlay-opacity":"","overlay-gradient":""},"mobile":{"background-color":"var(--ast-global-color-5)","background-image":"","background-repeat":"repeat","background-position":"center center","background-size":"auto","background-attachment":"scroll","background-type":"","background-media":"","overlay-type":"","overlay-color":"","overlay-opacity":"","overlay-gradient":""}}},"product_brand":[],"product_cat":[38,24,85,48],"product_tag":[],"class_list":{"0":"post-1611","1":"product","2":"type-product","3":"status-publish","4":"has-post-thumbnail","6":"product_cat-fetes-des-grands-meres","7":"product_cat-cadeaux","8":"product_cat-cahiers-carnets","9":"product_cat-produits","10":"product_shipping_class-carnets","11":"desktop-align-left","12":"tablet-align-left","13":"mobile-align-left","15":"first","16":"outofstock","17":"shipping-taxable","18":"purchasable","19":"product-type-simple"},"aioseo_notices":[],"_links":{"self":[{"href":"https:\/\/lesbricosdeso.fr\/index.php?rest_route=\/wp\/v2\/product\/1611","targetHints":{"allow":["GET"]}}],"collection":[{"href":"https:\/\/lesbricosdeso.fr\/index.php?rest_route=\/wp\/v2\/product"}],"about":[{"href":"https:\/\/lesbricosdeso.fr\/index.php?rest_route=\/wp\/v2\/types\/product"}],"version-history":[{"count":2,"href":"https:\/\/lesbricosdeso.fr\/index.php?rest_route=\/wp\/v2\/product\/1611\/revisions"}],"predecessor-version":[{"id":1858,"href":"https:\/\/lesbricosdeso.fr\/index.php?rest_route=\/wp\/v2\/product\/1611\/revisions\/1858"}],"wp:featuredmedia":[{"embeddable":true,"href":"https:\/\/lesbricosdeso.fr\/index.php?rest_route=\/wp\/v2\/media\/1645"}],"wp:attachment":[{"href":"https:\/\/lesbricosdeso.fr\/index.php?rest_route=%2Fwp%2Fv2%2Fmedia&parent=1611"}],"wp:term":[{"taxonomy":"product_brand","embeddable":true,"href":"https:\/\/lesbricosdeso.fr\/index.php?rest_route=%2Fwp%2Fv2%2Fproduct_brand&post=1611"},{"taxonomy":"product_cat","embeddable":true,"href":"https:\/\/lesbricosdeso.fr\/index.php?rest_route=%2Fwp%2Fv2%2Fproduct_cat&post=1611"},{"taxonomy":"product_tag","embeddable":true,"href":"https:\/\/lesbricosdeso.fr\/index.php?rest_route=%2Fwp%2Fv2%2Fproduct_tag&post=1611"}],"curies":[{"name":"wp","href":"https:\/\/api.w.org\/{rel}","templated":true}]}}