{"id":208,"date":"2021-09-13T10:26:00","date_gmt":"2021-09-13T08:26:00","guid":{"rendered":"https:\/\/lesbricosdeso.fr\/?post_type=product&#038;p=208"},"modified":"2023-02-09T20:33:24","modified_gmt":"2023-02-09T19:33:24","slug":"maisonnette-en-bois-noire-home-sweet-home-coeur-grand-modele-3","status":"publish","type":"product","link":"https:\/\/lesbricosdeso.fr\/?product=maisonnette-en-bois-noire-home-sweet-home-coeur-grand-modele-3","title":{"rendered":"Maisonnette en bois noire  \u00ab\u00a0Home sweet Home coeur\u00a0\u00bb Grand mod\u00e8le"},"content":{"rendered":"<ul>\n<li>Objet de d\u00e9coration \u00e0 poser. Elle peut \u00eatre accroch\u00e9e si vous y coller un crochet de suspension.<\/li>\n<li>Bois avec toit noir<\/li>\n<li>Stickers noir Home sweet Home coeur<\/li>\n<li>Dimensions : environ 24 cm de haut sur 18 cm de large (mesure prise aux extr\u00e9mit\u00e9s du toit)<\/li>\n<\/ul>\n","protected":false},"excerpt":{"rendered":"<p>Maisonnette d\u00e9coup\u00e9e, assembl\u00e9e et peinte en Anjou, stickers vinyle. Fait main.<\/p>\n","protected":false},"featured_media":288,"template":"","meta":{"site-sidebar-layout":"default","site-content-layout":"default","ast-site-content-layout":"default","site-content-style":"default","site-sidebar-style":"default","ast-global-header-display":"","ast-banner-title-visibility":"","ast-main-header-display":"","ast-hfb-above-header-display":"","ast-hfb-below-header-display":"","ast-hfb-mobile-header-display":"","site-post-title":"","ast-breadcrumbs-content":"","ast-featured-img":"","footer-sml-layout":"","ast-disable-related-posts":"","theme-transparent-header-meta":"default","adv-header-id-meta":"","stick-header-meta":"","header-above-stick-meta":"","header-main-stick-meta":"","header-below-stick-meta":"","astra-migrate-meta-layouts":"default","ast-page-background-enabled":"default","ast-page-background-meta":{"desktop":{"background-color":"var(--ast-global-color-4)","background-image":"","background-repeat":"repeat","background-position":"center center","background-size":"auto","background-attachment":"scroll","background-type":"","background-media":"","overlay-type":"","overlay-color":"","overlay-opacity":"","overlay-gradient":""},"tablet":{"background-color":"","background-image":"","background-repeat":"repeat","background-position":"center center","background-size":"auto","background-attachment":"scroll","background-type":"","background-media":"","overlay-type":"","overlay-color":"","overlay-opacity":"","overlay-gradient":""},"mobile":{"background-color":"","background-image":"","background-repeat":"repeat","background-position":"center center","background-size":"auto","background-attachment":"scroll","background-type":"","background-media":"","overlay-type":"","overlay-color":"","overlay-opacity":"","overlay-gradient":""}},"ast-content-background-meta":{"desktop":{"background-color":"var(--ast-global-color-5)","background-image":"","background-repeat":"repeat","background-position":"center center","background-size":"auto","background-attachment":"scroll","background-type":"","background-media":"","overlay-type":"","overlay-color":"","overlay-opacity":"","overlay-gradient":""},"tablet":{"background-color":"var(--ast-global-color-5)","background-image":"","background-repeat":"repeat","background-position":"center center","background-size":"auto","background-attachment":"scroll","background-type":"","background-media":"","overlay-type":"","overlay-color":"","overlay-opacity":"","overlay-gradient":""},"mobile":{"background-color":"var(--ast-global-color-5)","background-image":"","background-repeat":"repeat","background-position":"center center","background-size":"auto","background-attachment":"scroll","background-type":"","background-media":"","overlay-type":"","overlay-color":"","overlay-opacity":"","overlay-gradient":""}}},"product_brand":[],"product_cat":[22,23,49,48],"product_tag":[],"class_list":{"0":"post-208","1":"product","2":"type-product","3":"status-publish","4":"has-post-thumbnail","6":"product_cat-decoration","7":"product_cat-maison","8":"product_cat-maisonnettes","9":"product_cat-produits","10":"product_shipping_class-maisonnette","11":"desktop-align-left","12":"tablet-align-left","13":"mobile-align-left","15":"first","16":"outofstock","17":"shipping-taxable","18":"purchasable","19":"product-type-simple"},"aioseo_notices":[],"_links":{"self":[{"href":"https:\/\/lesbricosdeso.fr\/index.php?rest_route=\/wp\/v2\/product\/208","targetHints":{"allow":["GET"]}}],"collection":[{"href":"https:\/\/lesbricosdeso.fr\/index.php?rest_route=\/wp\/v2\/product"}],"about":[{"href":"https:\/\/lesbricosdeso.fr\/index.php?rest_route=\/wp\/v2\/types\/product"}],"version-history":[{"count":1,"href":"https:\/\/lesbricosdeso.fr\/index.php?rest_route=\/wp\/v2\/product\/208\/revisions"}],"predecessor-version":[{"id":1869,"href":"https:\/\/lesbricosdeso.fr\/index.php?rest_route=\/wp\/v2\/product\/208\/revisions\/1869"}],"wp:featuredmedia":[{"embeddable":true,"href":"https:\/\/lesbricosdeso.fr\/index.php?rest_route=\/wp\/v2\/media\/288"}],"wp:attachment":[{"href":"https:\/\/lesbricosdeso.fr\/index.php?rest_route=%2Fwp%2Fv2%2Fmedia&parent=208"}],"wp:term":[{"taxonomy":"product_brand","embeddable":true,"href":"https:\/\/lesbricosdeso.fr\/index.php?rest_route=%2Fwp%2Fv2%2Fproduct_brand&post=208"},{"taxonomy":"product_cat","embeddable":true,"href":"https:\/\/lesbricosdeso.fr\/index.php?rest_route=%2Fwp%2Fv2%2Fproduct_cat&post=208"},{"taxonomy":"product_tag","embeddable":true,"href":"https:\/\/lesbricosdeso.fr\/index.php?rest_route=%2Fwp%2Fv2%2Fproduct_tag&post=208"}],"curies":[{"name":"wp","href":"https:\/\/api.w.org\/{rel}","templated":true}]}}