{"id":2090,"date":"2023-03-07T10:30:25","date_gmt":"2023-03-07T09:30:25","guid":{"rendered":"https:\/\/lesbricosdeso.fr\/?post_type=product&#038;p=2090"},"modified":"2025-07-17T13:14:45","modified_gmt":"2025-07-17T11:14:45","slug":"porte-monnaie-cuir-2-pochettes","status":"publish","type":"product","link":"https:\/\/lesbricosdeso.fr\/?product=porte-monnaie-cuir-2-pochettes","title":{"rendered":"Porte monnaie cuir 2 compartiments &#8211; fermeture \u00e9clair"},"content":{"rendered":"\t\t<div data-elementor-type=\"product-post\" data-elementor-id=\"2090\" class=\"elementor elementor-2090\" data-elementor-post-type=\"product\">\n\t\t\t\t\t\t<section class=\"elementor-section elementor-top-section elementor-element elementor-element-15c4fe92 elementor-section-boxed elementor-section-height-default elementor-section-height-default\" data-id=\"15c4fe92\" data-element_type=\"section\" data-e-type=\"section\">\n\t\t\t\t\t\t<div class=\"elementor-container elementor-column-gap-default\">\n\t\t\t\t\t<div class=\"elementor-column elementor-col-100 elementor-top-column elementor-element elementor-element-3b3fc4ac\" data-id=\"3b3fc4ac\" data-element_type=\"column\" data-e-type=\"column\">\n\t\t\t<div class=\"elementor-widget-wrap elementor-element-populated\">\n\t\t\t\t\t\t<div class=\"elementor-element elementor-element-58aa6ab7 elementor-widget elementor-widget-text-editor\" data-id=\"58aa6ab7\" data-element_type=\"widget\" data-e-type=\"widget\" data-widget_type=\"text-editor.default\">\n\t\t\t\t<div class=\"elementor-widget-container\">\n\t\t\t\t\t\t\t\t\t<p>Porte monnaie \u00e0 rabat en cuir, mati\u00e8re effet brillant<\/p><p>Fabriqu\u00e9 en Italie<\/p><p>Dimensions :\u00a0 environ 11 X 8 cm<\/p><p>\u00a0<\/p>\t\t\t\t\t\t\t\t<\/div>\n\t\t\t\t<\/div>\n\t\t\t\t\t<\/div>\n\t\t<\/div>\n\t\t\t\t\t<\/div>\n\t\t<\/section>\n\t\t\t\t<\/div>\n\t\t","protected":false},"excerpt":{"rendered":"<p>Porte monnaie \u00e0 rabat en cuir, mati\u00e8re effet brillant , deux poches dont une ferm\u00e9e par fermeture \u00e9clair.<\/p>\n<p>Fabriqu\u00e9 en Italie<\/p>\n<p>Dimensions environ : 11 cm x 8 cm<\/p>\n","protected":false},"featured_media":2104,"template":"","meta":{"site-sidebar-layout":"default","site-content-layout":"default","ast-site-content-layout":"default","site-content-style":"default","site-sidebar-style":"default","ast-global-header-display":"","ast-banner-title-visibility":"","ast-main-header-display":"","ast-hfb-above-header-display":"","ast-hfb-below-header-display":"","ast-hfb-mobile-header-display":"","site-post-title":"","ast-breadcrumbs-content":"","ast-featured-img":"","footer-sml-layout":"","ast-disable-related-posts":"","theme-transparent-header-meta":"default","adv-header-id-meta":"","stick-header-meta":"","header-above-stick-meta":"","header-main-stick-meta":"","header-below-stick-meta":"","astra-migrate-meta-layouts":"default","ast-page-background-enabled":"default","ast-page-background-meta":{"desktop":{"background-color":"var(--ast-global-color-4)","background-image":"","background-repeat":"repeat","background-position":"center center","background-size":"auto","background-attachment":"scroll","background-type":"","background-media":"","overlay-type":"","overlay-color":"","overlay-opacity":"","overlay-gradient":""},"tablet":{"background-color":"","background-image":"","background-repeat":"repeat","background-position":"center center","background-size":"auto","background-attachment":"scroll","background-type":"","background-media":"","overlay-type":"","overlay-color":"","overlay-opacity":"","overlay-gradient":""},"mobile":{"background-color":"","background-image":"","background-repeat":"repeat","background-position":"center center","background-size":"auto","background-attachment":"scroll","background-type":"","background-media":"","overlay-type":"","overlay-color":"","overlay-opacity":"","overlay-gradient":""}},"ast-content-background-meta":{"desktop":{"background-color":"var(--ast-global-color-5)","background-image":"","background-repeat":"repeat","background-position":"center center","background-size":"auto","background-attachment":"scroll","background-type":"","background-media":"","overlay-type":"","overlay-color":"","overlay-opacity":"","overlay-gradient":""},"tablet":{"background-color":"var(--ast-global-color-5)","background-image":"","background-repeat":"repeat","background-position":"center center","background-size":"auto","background-attachment":"scroll","background-type":"","background-media":"","overlay-type":"","overlay-color":"","overlay-opacity":"","overlay-gradient":""},"mobile":{"background-color":"var(--ast-global-color-5)","background-image":"","background-repeat":"repeat","background-position":"center center","background-size":"auto","background-attachment":"scroll","background-type":"","background-media":"","overlay-type":"","overlay-color":"","overlay-opacity":"","overlay-gradient":""}}},"product_brand":[],"product_cat":[15,38,24,40,41,25,34,98],"product_tag":[],"class_list":{"0":"post-2090","1":"product","2":"type-product","3":"status-publish","4":"has-post-thumbnail","6":"product_cat-barrette-en-resine","7":"product_cat-fetes-des-grands-meres","8":"product_cat-cadeaux","9":"product_cat-cadeaux-femme","10":"product_cat-cadeaux-fetes-des-meres","11":"product_cat-cadeaux-maitresse","12":"product_cat-cadeaux-nounou","13":"product_cat-maroquinerie","14":"product_shipping_class-carnets","15":"pa_color-argent-brillant","16":"pa_color-bleu-canard-irise","17":"pa_color-bleu-ciel-irise","18":"pa_color-bleu-irise","19":"pa_color-blue","20":"pa_color-champagne-irise","21":"pa_color-dore-brillant","22":"pa_color-gris-fonce-irise","23":"pa_color-kaki-irise","24":"pa_color-marine-irise","25":"pa_color-noir-irise","26":"pa_color-rose-fonce-irise","27":"pa_color-rose-irise","28":"pa_color-vert-irise","29":"desktop-align-left","30":"tablet-align-left","31":"mobile-align-left","33":"first","34":"outofstock","35":"shipping-taxable","36":"purchasable","37":"product-type-variable"},"aioseo_notices":[],"_links":{"self":[{"href":"https:\/\/lesbricosdeso.fr\/index.php?rest_route=\/wp\/v2\/product\/2090","targetHints":{"allow":["GET"]}}],"collection":[{"href":"https:\/\/lesbricosdeso.fr\/index.php?rest_route=\/wp\/v2\/product"}],"about":[{"href":"https:\/\/lesbricosdeso.fr\/index.php?rest_route=\/wp\/v2\/types\/product"}],"version-history":[{"count":10,"href":"https:\/\/lesbricosdeso.fr\/index.php?rest_route=\/wp\/v2\/product\/2090\/revisions"}],"predecessor-version":[{"id":2197,"href":"https:\/\/lesbricosdeso.fr\/index.php?rest_route=\/wp\/v2\/product\/2090\/revisions\/2197"}],"wp:featuredmedia":[{"embeddable":true,"href":"https:\/\/lesbricosdeso.fr\/index.php?rest_route=\/wp\/v2\/media\/2104"}],"wp:attachment":[{"href":"https:\/\/lesbricosdeso.fr\/index.php?rest_route=%2Fwp%2Fv2%2Fmedia&parent=2090"}],"wp:term":[{"taxonomy":"product_brand","embeddable":true,"href":"https:\/\/lesbricosdeso.fr\/index.php?rest_route=%2Fwp%2Fv2%2Fproduct_brand&post=2090"},{"taxonomy":"product_cat","embeddable":true,"href":"https:\/\/lesbricosdeso.fr\/index.php?rest_route=%2Fwp%2Fv2%2Fproduct_cat&post=2090"},{"taxonomy":"product_tag","embeddable":true,"href":"https:\/\/lesbricosdeso.fr\/index.php?rest_route=%2Fwp%2Fv2%2Fproduct_tag&post=2090"}],"curies":[{"name":"wp","href":"https:\/\/api.w.org\/{rel}","templated":true}]}}