{"id":2357,"date":"2024-01-27T11:18:29","date_gmt":"2024-01-27T10:18:29","guid":{"rendered":"https:\/\/lesbricosdeso.fr\/?post_type=product&#038;p=2357"},"modified":"2024-01-27T11:22:22","modified_gmt":"2024-01-27T10:22:22","slug":"barrette-en-resine-fuchsia-ovale","status":"publish","type":"product","link":"https:\/\/lesbricosdeso.fr\/?product=barrette-en-resine-fuchsia-ovale","title":{"rendered":"Barrette en r\u00e9sine fuchsia ovale"},"content":{"rendered":"\t\t<div data-elementor-type=\"product-post\" data-elementor-id=\"2357\" class=\"elementor elementor-2357\" data-elementor-post-type=\"product\">\n\t\t\t\t\t\t<section class=\"elementor-section elementor-top-section elementor-element elementor-element-5c8732d1 elementor-section-boxed elementor-section-height-default elementor-section-height-default\" data-id=\"5c8732d1\" data-element_type=\"section\" data-e-type=\"section\">\n\t\t\t\t\t\t<div class=\"elementor-container elementor-column-gap-default\">\n\t\t\t\t\t<div class=\"elementor-column elementor-col-100 elementor-top-column elementor-element elementor-element-eae75d\" data-id=\"eae75d\" data-element_type=\"column\" data-e-type=\"column\">\n\t\t\t<div class=\"elementor-widget-wrap elementor-element-populated\">\n\t\t\t\t\t\t<div class=\"elementor-element elementor-element-74f4c493 elementor-widget elementor-widget-text-editor\" data-id=\"74f4c493\" data-element_type=\"widget\" data-e-type=\"widget\" data-widget_type=\"text-editor.default\">\n\t\t\t\t<div class=\"elementor-widget-container\">\n\t\t\t\t\t\t\t\t\tBarrette &#8211; pince \u00e0 cheveux r\u00e9alis\u00e9e \u00e0 la main en r\u00e9sine \u00e9poxy avec une pince crocodile qui permet une fixation solide et durable, assurant que la barrette reste en place m\u00eame dans les cheveux les plus fins.\n\nCette barrette est fabriqu\u00e9e \u00e0 partir de r\u00e9sine ce qui lui conf\u00e8re une bonne solidit\u00e9 et de la l\u00e9g\u00e8ret\u00e9.\n\nLa couleur peut varier en fonction des mod\u00e8les. <strong>Chaque mod\u00e8le est unique.<\/strong>\n\nCet article est r\u00e9alis\u00e9 et assembl\u00e9 \u00e0 la main \u00e0 Angers, en France.\n\nTaille : environ 6.3 cm de long et 2,2 cm de large au centre.\n\nPour prendre soin de votre barrette, \u00e9vitez tout contact avec des produits chimiques\u00a0 et rangez l\u00e0\u00a0 dans un endroit sec lorsque vous ne la portez pas.\t\t\t\t\t\t\t\t<\/div>\n\t\t\t\t<\/div>\n\t\t\t\t\t<\/div>\n\t\t<\/div>\n\t\t\t\t\t<\/div>\n\t\t<\/section>\n\t\t\t\t<\/div>\n\t\t","protected":false},"excerpt":{"rendered":"<p>&nbsp;<\/p>\n<p>Bijoux pour cheveux &#8211; Barrette &#8211; pince \u00e0 cheveux &#8211; r\u00e9alis\u00e9e \u00e0 la main en r\u00e9sine \u00e9poxy avec une pince crocodile.<\/p>\n<p>Cet article est r\u00e9alis\u00e9 et assembl\u00e9 \u00e0 la main \u00e0 Angers en France.<\/p>\n","protected":false},"featured_media":2359,"template":"","meta":{"site-sidebar-layout":"default","site-content-layout":"default","ast-site-content-layout":"default","site-content-style":"default","site-sidebar-style":"default","ast-global-header-display":"","ast-banner-title-visibility":"","ast-main-header-display":"","ast-hfb-above-header-display":"","ast-hfb-below-header-display":"","ast-hfb-mobile-header-display":"","site-post-title":"","ast-breadcrumbs-content":"","ast-featured-img":"","footer-sml-layout":"","ast-disable-related-posts":"","theme-transparent-header-meta":"default","adv-header-id-meta":"","stick-header-meta":"","header-above-stick-meta":"","header-main-stick-meta":"","header-below-stick-meta":"","astra-migrate-meta-layouts":"set","ast-page-background-enabled":"default","ast-page-background-meta":{"desktop":{"background-color":"var(--ast-global-color-4)","background-image":"","background-repeat":"repeat","background-position":"center center","background-size":"auto","background-attachment":"scroll","background-type":"","background-media":"","overlay-type":"","overlay-color":"","overlay-opacity":"","overlay-gradient":""},"tablet":{"background-color":"","background-image":"","background-repeat":"repeat","background-position":"center center","background-size":"auto","background-attachment":"scroll","background-type":"","background-media":"","overlay-type":"","overlay-color":"","overlay-opacity":"","overlay-gradient":""},"mobile":{"background-color":"","background-image":"","background-repeat":"repeat","background-position":"center center","background-size":"auto","background-attachment":"scroll","background-type":"","background-media":"","overlay-type":"","overlay-color":"","overlay-opacity":"","overlay-gradient":""}},"ast-content-background-meta":{"desktop":{"background-color":"var(--ast-global-color-5)","background-image":"","background-repeat":"repeat","background-position":"center center","background-size":"auto","background-attachment":"scroll","background-type":"","background-media":"","overlay-type":"","overlay-color":"","overlay-opacity":"","overlay-gradient":""},"tablet":{"background-color":"var(--ast-global-color-5)","background-image":"","background-repeat":"repeat","background-position":"center center","background-size":"auto","background-attachment":"scroll","background-type":"","background-media":"","overlay-type":"","overlay-color":"","overlay-opacity":"","overlay-gradient":""},"mobile":{"background-color":"var(--ast-global-color-5)","background-image":"","background-repeat":"repeat","background-position":"center center","background-size":"auto","background-attachment":"scroll","background-type":"","background-media":"","overlay-type":"","overlay-color":"","overlay-opacity":"","overlay-gradient":""}}},"product_brand":[],"product_cat":[110,15,38,40,41,25,34,48],"product_tag":[],"class_list":{"0":"post-2357","1":"product","2":"type-product","3":"status-publish","4":"has-post-thumbnail","6":"product_cat-barrettes-en-resine","7":"product_cat-barrette-en-resine","8":"product_cat-fetes-des-grands-meres","9":"product_cat-cadeaux-femme","10":"product_cat-cadeaux-fetes-des-meres","11":"product_cat-cadeaux-maitresse","12":"product_cat-cadeaux-nounou","13":"product_cat-produits","14":"product_shipping_class-barrette-en-resine","15":"desktop-align-left","16":"tablet-align-left","17":"mobile-align-left","19":"first","20":"instock","21":"shipping-taxable","22":"purchasable","23":"product-type-simple"},"aioseo_notices":[],"_links":{"self":[{"href":"https:\/\/lesbricosdeso.fr\/index.php?rest_route=\/wp\/v2\/product\/2357","targetHints":{"allow":["GET"]}}],"collection":[{"href":"https:\/\/lesbricosdeso.fr\/index.php?rest_route=\/wp\/v2\/product"}],"about":[{"href":"https:\/\/lesbricosdeso.fr\/index.php?rest_route=\/wp\/v2\/types\/product"}],"version-history":[{"count":1,"href":"https:\/\/lesbricosdeso.fr\/index.php?rest_route=\/wp\/v2\/product\/2357\/revisions"}],"predecessor-version":[{"id":2360,"href":"https:\/\/lesbricosdeso.fr\/index.php?rest_route=\/wp\/v2\/product\/2357\/revisions\/2360"}],"wp:featuredmedia":[{"embeddable":true,"href":"https:\/\/lesbricosdeso.fr\/index.php?rest_route=\/wp\/v2\/media\/2359"}],"wp:attachment":[{"href":"https:\/\/lesbricosdeso.fr\/index.php?rest_route=%2Fwp%2Fv2%2Fmedia&parent=2357"}],"wp:term":[{"taxonomy":"product_brand","embeddable":true,"href":"https:\/\/lesbricosdeso.fr\/index.php?rest_route=%2Fwp%2Fv2%2Fproduct_brand&post=2357"},{"taxonomy":"product_cat","embeddable":true,"href":"https:\/\/lesbricosdeso.fr\/index.php?rest_route=%2Fwp%2Fv2%2Fproduct_cat&post=2357"},{"taxonomy":"product_tag","embeddable":true,"href":"https:\/\/lesbricosdeso.fr\/index.php?rest_route=%2Fwp%2Fv2%2Fproduct_tag&post=2357"}],"curies":[{"name":"wp","href":"https:\/\/api.w.org\/{rel}","templated":true}]}}