{"id":2431,"date":"2024-01-27T13:28:40","date_gmt":"2024-01-27T12:28:40","guid":{"rendered":"https:\/\/lesbricosdeso.fr\/?post_type=product&#038;p=2431"},"modified":"2026-01-08T12:51:33","modified_gmt":"2026-01-08T11:51:33","slug":"ampoule-lumineuse-a-la-vie-a-lamour","status":"publish","type":"product","link":"https:\/\/lesbricosdeso.fr\/?product=ampoule-lumineuse-a-la-vie-a-lamour","title":{"rendered":"Ampoule lumineuse \u00ab\u00a0A la vie, \u00e0 l&rsquo;amour\u00a0\u00bb"},"content":{"rendered":"<ul>\n<li>Mati\u00e8re : verre et aluminium (couvercle)<\/li>\n<li>Fonctionne \u00e0 pile, 2 piles CR2032 incluses<\/li>\n<li>Inscription r\u00e9alis\u00e9e en vinyle adh\u00e9sif.<\/li>\n<li>D\u00e9lai de r\u00e9alisation 7 jours<br \/>\n(le verre des ampoules n&rsquo;est jamais parfait et peut contenir des rayures qui seront masqu\u00e9es au mieux par les \u00e9l\u00e9ments de d\u00e9coration)<\/li>\n<li>Dimensions : D. 9 x H. 18,5 cm<\/li>\n<li>Poids : 0,400 kg<\/li>\n<\/ul>\n","protected":false},"excerpt":{"rendered":"<p>Ampoule lumineuse \u00e0 led, crochet et fil de suspension en nylon transparent (possibilit\u00e9 de l&rsquo;enlever)<\/p>\n<p>Pour toutes commandes au dessus de 20 ampoules veuillez nous contacter \u00e0 l&rsquo;adresse suivante : lesbricosdeso@gmail.com<\/p>\n","protected":false},"featured_media":2432,"template":"","meta":{"site-sidebar-layout":"default","site-content-layout":"default","ast-site-content-layout":"default","site-content-style":"default","site-sidebar-style":"default","ast-global-header-display":"","ast-banner-title-visibility":"","ast-main-header-display":"","ast-hfb-above-header-display":"","ast-hfb-below-header-display":"","ast-hfb-mobile-header-display":"","site-post-title":"","ast-breadcrumbs-content":"","ast-featured-img":"","footer-sml-layout":"","ast-disable-related-posts":"","theme-transparent-header-meta":"default","adv-header-id-meta":"","stick-header-meta":"","header-above-stick-meta":"","header-main-stick-meta":"","header-below-stick-meta":"","astra-migrate-meta-layouts":"set","ast-page-background-enabled":"default","ast-page-background-meta":{"desktop":{"background-color":"var(--ast-global-color-4)","background-image":"","background-repeat":"repeat","background-position":"center center","background-size":"auto","background-attachment":"scroll","background-type":"","background-media":"","overlay-type":"","overlay-color":"","overlay-opacity":"","overlay-gradient":""},"tablet":{"background-color":"","background-image":"","background-repeat":"repeat","background-position":"center center","background-size":"auto","background-attachment":"scroll","background-type":"","background-media":"","overlay-type":"","overlay-color":"","overlay-opacity":"","overlay-gradient":""},"mobile":{"background-color":"","background-image":"","background-repeat":"repeat","background-position":"center center","background-size":"auto","background-attachment":"scroll","background-type":"","background-media":"","overlay-type":"","overlay-color":"","overlay-opacity":"","overlay-gradient":""}},"ast-content-background-meta":{"desktop":{"background-color":"var(--ast-global-color-5)","background-image":"","background-repeat":"repeat","background-position":"center center","background-size":"auto","background-attachment":"scroll","background-type":"","background-media":"","overlay-type":"","overlay-color":"","overlay-opacity":"","overlay-gradient":""},"tablet":{"background-color":"var(--ast-global-color-5)","background-image":"","background-repeat":"repeat","background-position":"center center","background-size":"auto","background-attachment":"scroll","background-type":"","background-media":"","overlay-type":"","overlay-color":"","overlay-opacity":"","overlay-gradient":""},"mobile":{"background-color":"var(--ast-global-color-5)","background-image":"","background-repeat":"repeat","background-position":"center center","background-size":"auto","background-attachment":"scroll","background-type":"","background-media":"","overlay-type":"","overlay-color":"","overlay-opacity":"","overlay-gradient":""}}},"product_brand":[],"product_cat":[20,24,40,22,23,48],"product_tag":[],"class_list":{"0":"post-2431","1":"product","2":"type-product","3":"status-publish","4":"has-post-thumbnail","6":"product_cat-ampoules","7":"product_cat-cadeaux","8":"product_cat-cadeaux-femme","9":"product_cat-decoration","10":"product_cat-maison","11":"product_cat-produits","12":"product_shipping_class-ampoules","13":"desktop-align-left","14":"tablet-align-left","15":"mobile-align-left","17":"first","18":"instock","19":"shipping-taxable","20":"purchasable","21":"product-type-simple"},"aioseo_notices":[],"_links":{"self":[{"href":"https:\/\/lesbricosdeso.fr\/index.php?rest_route=\/wp\/v2\/product\/2431","targetHints":{"allow":["GET"]}}],"collection":[{"href":"https:\/\/lesbricosdeso.fr\/index.php?rest_route=\/wp\/v2\/product"}],"about":[{"href":"https:\/\/lesbricosdeso.fr\/index.php?rest_route=\/wp\/v2\/types\/product"}],"version-history":[{"count":1,"href":"https:\/\/lesbricosdeso.fr\/index.php?rest_route=\/wp\/v2\/product\/2431\/revisions"}],"predecessor-version":[{"id":2436,"href":"https:\/\/lesbricosdeso.fr\/index.php?rest_route=\/wp\/v2\/product\/2431\/revisions\/2436"}],"wp:featuredmedia":[{"embeddable":true,"href":"https:\/\/lesbricosdeso.fr\/index.php?rest_route=\/wp\/v2\/media\/2432"}],"wp:attachment":[{"href":"https:\/\/lesbricosdeso.fr\/index.php?rest_route=%2Fwp%2Fv2%2Fmedia&parent=2431"}],"wp:term":[{"taxonomy":"product_brand","embeddable":true,"href":"https:\/\/lesbricosdeso.fr\/index.php?rest_route=%2Fwp%2Fv2%2Fproduct_brand&post=2431"},{"taxonomy":"product_cat","embeddable":true,"href":"https:\/\/lesbricosdeso.fr\/index.php?rest_route=%2Fwp%2Fv2%2Fproduct_cat&post=2431"},{"taxonomy":"product_tag","embeddable":true,"href":"https:\/\/lesbricosdeso.fr\/index.php?rest_route=%2Fwp%2Fv2%2Fproduct_tag&post=2431"}],"curies":[{"name":"wp","href":"https:\/\/api.w.org\/{rel}","templated":true}]}}