{"id":2439,"date":"2024-01-27T13:37:03","date_gmt":"2024-01-27T12:37:03","guid":{"rendered":"https:\/\/lesbricosdeso.fr\/?post_type=product&#038;p=2439"},"modified":"2025-12-09T20:12:24","modified_gmt":"2025-12-09T19:12:24","slug":"planche-en-bois-noire-lapero-angevin","status":"publish","type":"product","link":"https:\/\/lesbricosdeso.fr\/?product=planche-en-bois-noire-lapero-angevin","title":{"rendered":"Planche en bois noire &#8211; L&rsquo;Ap\u00e9ro Angevin"},"content":{"rendered":"<ul>\n<li>Planche en bois, personnalis\u00e9e avec du vinyle. Couche de finition avec un vernis alimentaire pour y d\u00e9poser vos aliments en toute s\u00e9curit\u00e9.<\/li>\n<li>Conseil : ne pas d\u00e9couper sur la planche le vinyle serait alors d\u00e9t\u00e9rior\u00e9<\/li>\n<li>Bois et couleur noire<\/li>\n<li>Dimensions : Longueur 48.5 cm, largeur 15.8 cm, \u00e9paisseur 1 cm<\/li>\n<\/ul>\n","protected":false},"excerpt":{"rendered":"<p>Planche de pr\u00e9sentation &#8211; planche \u00e0 tapas<\/p>\n","protected":false},"featured_media":2445,"template":"","meta":{"site-sidebar-layout":"default","site-content-layout":"default","ast-site-content-layout":"default","site-content-style":"default","site-sidebar-style":"default","ast-global-header-display":"","ast-banner-title-visibility":"","ast-main-header-display":"","ast-hfb-above-header-display":"","ast-hfb-below-header-display":"","ast-hfb-mobile-header-display":"","site-post-title":"","ast-breadcrumbs-content":"","ast-featured-img":"","footer-sml-layout":"","ast-disable-related-posts":"","theme-transparent-header-meta":"default","adv-header-id-meta":"","stick-header-meta":"","header-above-stick-meta":"","header-main-stick-meta":"","header-below-stick-meta":"","astra-migrate-meta-layouts":"set","ast-page-background-enabled":"default","ast-page-background-meta":{"desktop":{"background-color":"var(--ast-global-color-4)","background-image":"","background-repeat":"repeat","background-position":"center center","background-size":"auto","background-attachment":"scroll","background-type":"","background-media":"","overlay-type":"","overlay-color":"","overlay-opacity":"","overlay-gradient":""},"tablet":{"background-color":"","background-image":"","background-repeat":"repeat","background-position":"center center","background-size":"auto","background-attachment":"scroll","background-type":"","background-media":"","overlay-type":"","overlay-color":"","overlay-opacity":"","overlay-gradient":""},"mobile":{"background-color":"","background-image":"","background-repeat":"repeat","background-position":"center center","background-size":"auto","background-attachment":"scroll","background-type":"","background-media":"","overlay-type":"","overlay-color":"","overlay-opacity":"","overlay-gradient":""}},"ast-content-background-meta":{"desktop":{"background-color":"var(--ast-global-color-5)","background-image":"","background-repeat":"repeat","background-position":"center center","background-size":"auto","background-attachment":"scroll","background-type":"","background-media":"","overlay-type":"","overlay-color":"","overlay-opacity":"","overlay-gradient":""},"tablet":{"background-color":"var(--ast-global-color-5)","background-image":"","background-repeat":"repeat","background-position":"center center","background-size":"auto","background-attachment":"scroll","background-type":"","background-media":"","overlay-type":"","overlay-color":"","overlay-opacity":"","overlay-gradient":""},"mobile":{"background-color":"var(--ast-global-color-5)","background-image":"","background-repeat":"repeat","background-position":"center center","background-size":"auto","background-attachment":"scroll","background-type":"","background-media":"","overlay-type":"","overlay-color":"","overlay-opacity":"","overlay-gradient":""}}},"product_brand":[],"product_cat":[43,24,90,35,22,68,48],"product_tag":[],"class_list":{"0":"post-2439","1":"product","2":"type-product","3":"status-publish","4":"has-post-thumbnail","6":"product_cat-cadeau-danjou","7":"product_cat-cadeaux","8":"product_cat-cadeaux-fetes-des-peres","9":"product_cat-cadeaux-maitre","10":"product_cat-decoration","11":"product_cat-planches","12":"product_cat-produits","13":"product_shipping_class-planches","14":"desktop-align-left","15":"tablet-align-left","16":"mobile-align-left","18":"first","19":"outofstock","20":"shipping-taxable","21":"purchasable","22":"product-type-simple"},"aioseo_notices":[],"_links":{"self":[{"href":"https:\/\/lesbricosdeso.fr\/index.php?rest_route=\/wp\/v2\/product\/2439","targetHints":{"allow":["GET"]}}],"collection":[{"href":"https:\/\/lesbricosdeso.fr\/index.php?rest_route=\/wp\/v2\/product"}],"about":[{"href":"https:\/\/lesbricosdeso.fr\/index.php?rest_route=\/wp\/v2\/types\/product"}],"version-history":[{"count":1,"href":"https:\/\/lesbricosdeso.fr\/index.php?rest_route=\/wp\/v2\/product\/2439\/revisions"}],"predecessor-version":[{"id":2446,"href":"https:\/\/lesbricosdeso.fr\/index.php?rest_route=\/wp\/v2\/product\/2439\/revisions\/2446"}],"wp:featuredmedia":[{"embeddable":true,"href":"https:\/\/lesbricosdeso.fr\/index.php?rest_route=\/wp\/v2\/media\/2445"}],"wp:attachment":[{"href":"https:\/\/lesbricosdeso.fr\/index.php?rest_route=%2Fwp%2Fv2%2Fmedia&parent=2439"}],"wp:term":[{"taxonomy":"product_brand","embeddable":true,"href":"https:\/\/lesbricosdeso.fr\/index.php?rest_route=%2Fwp%2Fv2%2Fproduct_brand&post=2439"},{"taxonomy":"product_cat","embeddable":true,"href":"https:\/\/lesbricosdeso.fr\/index.php?rest_route=%2Fwp%2Fv2%2Fproduct_cat&post=2439"},{"taxonomy":"product_tag","embeddable":true,"href":"https:\/\/lesbricosdeso.fr\/index.php?rest_route=%2Fwp%2Fv2%2Fproduct_tag&post=2439"}],"curies":[{"name":"wp","href":"https:\/\/api.w.org\/{rel}","templated":true}]}}